{"id":195,"date":"2023-01-06T03:56:45","date_gmt":"2023-01-06T03:56:45","guid":{"rendered":"https:\/\/gaviaspreview.com\/wp\/gowilds\/?page_id=195"},"modified":"2025-04-01T20:28:22","modified_gmt":"2025-04-01T20:28:22","slug":"destination","status":"publish","type":"page","link":"https:\/\/iupap.es\/?page_id=195","title":{"rendered":"Comit\u00e9 nacional"},"content":{"rendered":"\t\t<div data-elementor-type=\"wp-page\" data-elementor-id=\"195\" class=\"elementor elementor-195\">\n\t\t\t\t\t\t<section class=\"elementor-section elementor-top-section elementor-element elementor-element-c597c4d elementor-section-boxed elementor-section-height-default elementor-section-height-default\" data-id=\"c597c4d\" data-element_type=\"section\" data-e-type=\"section\" data-settings=\"{&quot;background_background&quot;:&quot;slideshow&quot;,&quot;background_slideshow_gallery&quot;:[{&quot;id&quot;:525,&quot;url&quot;:&quot;https:\\\/\\\/iupap.es\\\/wp-content\\\/uploads\\\/2025\\\/03\\\/pexels-pixabay-35016-3-scaled.jpg&quot;},{&quot;id&quot;:526,&quot;url&quot;:&quot;https:\\\/\\\/iupap.es\\\/wp-content\\\/uploads\\\/2025\\\/03\\\/pexels-pixabay-35533-1.jpg&quot;}],&quot;background_slideshow_loop&quot;:&quot;yes&quot;,&quot;background_slideshow_slide_duration&quot;:5000,&quot;background_slideshow_slide_transition&quot;:&quot;fade&quot;,&quot;background_slideshow_transition_duration&quot;:500}\">\n\t\t\t\t\t\t<div class=\"elementor-container elementor-column-gap-default\">\n\t\t\t\t\t<div class=\"elementor-column elementor-col-100 elementor-top-column elementor-element elementor-element-d5c12f8\" data-id=\"d5c12f8\" data-element_type=\"column\" data-e-type=\"column\">\n\t\t\t<div class=\"elementor-widget-wrap elementor-element-populated\">\n\t\t\t\t\t\t<div class=\"elementor-element elementor-element-d5cb358 elementor-widget elementor-widget-gva-heading-block\" data-id=\"d5cb358\" data-element_type=\"widget\" data-e-type=\"widget\" data-widget_type=\"gva-heading-block.default\">\n\t\t\t\t<div class=\"elementor-widget-container\">\n\t\t\t\t\t<div class=\"gva-element-gva-heading-block gva-element\">   <div class=\"align-left style-1 widget gsc-heading box-align-left auto-responsive\">\r\n      <div class=\"content-inner\">\r\n         \r\n                  \r\n           \r\n         \r\n                     <h2 class=\"title\">\r\n               <span>Comit\u00e9 nacional<\/span>\r\n            <\/h2>\r\n                  \r\n         \r\n         \r\n      <\/div>\r\n   <\/div>\r\n<\/div>\t\t\t\t<\/div>\n\t\t\t\t<\/div>\n\t\t\t\t\t<\/div>\n\t\t<\/div>\n\t\t\t\t\t<\/div>\n\t\t<\/section>\n\t\t\t\t<section class=\"elementor-section elementor-top-section elementor-element elementor-element-4421931 elementor-section-boxed elementor-section-height-default elementor-section-height-default\" data-id=\"4421931\" data-element_type=\"section\" data-e-type=\"section\">\n\t\t\t\t\t\t<div class=\"elementor-container elementor-column-gap-default\">\n\t\t\t\t\t<div class=\"elementor-column elementor-col-100 elementor-top-column elementor-element elementor-element-e611f22\" data-id=\"e611f22\" data-element_type=\"column\" data-e-type=\"column\">\n\t\t\t<div class=\"elementor-widget-wrap elementor-element-populated\">\n\t\t\t\t\t\t<div class=\"elementor-element elementor-element-7ab65ae elementor-widget elementor-widget-text-editor\" data-id=\"7ab65ae\" data-element_type=\"widget\" data-e-type=\"widget\" data-widget_type=\"text-editor.default\">\n\t\t\t\t<div class=\"elementor-widget-container\">\n\t\t\t\t\t\t\t\t\t<p>Este comit\u00e9 tiene como objetivo esencial el potenciar el papel de la F\u00edsica a nivel internacional y su coordinaci\u00f3n con los otros comit\u00e9s espa\u00f1oles de ICSU.<\/p><p><br>En estos momentos su composici\u00f3n es la siguiente:<\/p>\t\t\t\t\t\t\t\t<\/div>\n\t\t\t\t<\/div>\n\t\t\t\t\t<\/div>\n\t\t<\/div>\n\t\t\t\t\t<\/div>\n\t\t<\/section>\n\t\t\t\t<section class=\"elementor-section elementor-top-section elementor-element elementor-element-193d0bf elementor-section-boxed elementor-section-height-default elementor-section-height-default\" data-id=\"193d0bf\" data-element_type=\"section\" data-e-type=\"section\">\n\t\t\t\t\t\t<div class=\"elementor-container elementor-column-gap-default\">\n\t\t\t\t\t<div class=\"elementor-column elementor-col-100 elementor-top-column elementor-element elementor-element-f0811db\" data-id=\"f0811db\" data-element_type=\"column\" data-e-type=\"column\">\n\t\t\t<div class=\"elementor-widget-wrap elementor-element-populated\">\n\t\t\t\t\t\t<div class=\"elementor-element elementor-element-77f9953 elementor-widget elementor-widget-html\" data-id=\"77f9953\" data-element_type=\"widget\" data-e-type=\"widget\" data-widget_type=\"html.default\">\n\t\t\t\t<div class=\"elementor-widget-container\">\n\t\t\t\t\t<table border=\"1\" cellspacing=\"0\" cellpadding=\"5\" style=\"width:600px; margin:0 auto; border-collapse: collapse; color: black;\">\r\n  <thead>\r\n    <tr style=\"background-color: var(--e-global-color-primary); font-weight: bold; color: black; text-align: left;\">\r\n      <th style=\"background-color: var(--e-global-color-primary); font-weight: bold; color: black; text-align: left;\">Cargo<\/th>\r\n      <th style=\"background-color: var(--e-global-color-primary); font-weight: bold; color: black; text-align: left;\">Nombre<\/th>\r\n      <th style=\"background-color: var(--e-global-color-primary); font-weight: bold; color: black; text-align: left;\">E-mail<\/th>\r\n    <\/tr>\r\n  <\/thead>\r\n  <tbody>\r\n    <!-- Fila 1 -->\r\n    <tr>\r\n      <td style=\"background-color: var(--e-global-color-primary); color: black; text-align: left;\">Presidente <a href=\"https:\/\/iupap.es\/?page_id=30\" target=\"_blank\">(Persona de contacto)<\/a><\/td>\r\n      <td style=\"color: black; text-align: left;\">Luis Vi\u00f1a<\/td>\r\n      <td style=\"text-align: center; color: black;\">\r\n        <a href=\"mailto:luis.vina@uam.es\">\r\n          <img decoding=\"async\" src=\"https:\/\/iupap.es\/wp-content\/uploads\/2025\/03\/envelope-23692_1280.png\" alt=\"Icono\" style=\"width:34px; height:24px;\">\r\n        <\/a>\r\n      <\/td>\r\n    <\/tr>\r\n    <!-- Fila 2 -->\r\n    <tr>\r\n      <td style=\"background-color: var(--e-global-color-primary); color: black; text-align: left;\">Presidente anterior<\/td>\r\n      <td style=\"color: black; text-align: left;\">Vacante<\/td>\r\n      <td style=\"text-align: center; color: black;\">\r\n        <a href=\"\">\r\n          <img decoding=\"async\" src=\"https:\/\/iupap.es\/wp-content\/uploads\/2025\/03\/envelope-23692_1280.png\" alt=\"Icono\" style=\"width:34px; height:24px;\">\r\n        <\/a>\r\n      <\/td>\r\n    <\/tr>\r\n    <!-- Fila 3 -->\r\n    <tr>\r\n      <td style=\"background-color: var(--e-global-color-primary); color: black; text-align: left;\">Secretario<\/td>\r\n      <td style=\"color: black; text-align: left;\">Manuel V\u00e1zquez<\/td>\r\n      <td style=\"text-align: center; color: black;\">\r\n        <a href=\"mailto:mvazquez@icmm.csic.es\">\r\n          <img decoding=\"async\" src=\"https:\/\/iupap.es\/wp-content\/uploads\/2025\/03\/envelope-23692_1280.png\" alt=\"Icono\" style=\"width:34px; height:24px;\">\r\n        <\/a>\r\n      <\/td>\r\n    <\/tr>\r\n    <!-- Fila 4 -->\r\n    <!-- Fila 5 -->\r\n    <tr>\r\n      <td style=\"background-color: var(--e-global-color-primary); color: black; text-align: left;\">Vocal <a href=\"https:\/\/www.cofis.es\/\" target=\"_blank\">(Presidente del Colegio de F\u00edsicos)<\/a><\/td>\r\n      <td style=\"color: black; text-align: left;\">Juan Ignacio \u00c1lvarez Gonz\u00e1lez <\/td>\r\n      <td style=\"text-align: center; color: black;\">\r\n        <a href=\"mailto:correo@cofis.es\">\r\n          <img decoding=\"async\" src=\"https:\/\/iupap.es\/wp-content\/uploads\/2025\/03\/envelope-23692_1280.png\" alt=\"Icono\" style=\"width:34px; height:24px;\">\r\n        <\/a>\r\n      <\/td>\r\n    <\/tr>\r\n    <!-- Fila 6 -->\r\n    <tr>\r\n      <td style=\"background-color: var(--e-global-color-primary); color: black; text-align: left;\">Vocal  <a href=\"https:\/\/iupap.org\/who-we-are\/internal-organization\/commissions\/c3-statistical-physics\/\" target=\"_blank\">(Comisi\u00f3n C3-IUPAP)<\/a><\/td>\r\n      <td style=\"color: black; text-align: left;\">Ra\u00fal Toral <\/td>\r\n      <td style=\"text-align: center; color: black;\">\r\n        <a href=\"mailto:raul@ifisc.uib-csic.es\">\r\n          <img decoding=\"async\" src=\"https:\/\/iupap.es\/wp-content\/uploads\/2025\/03\/envelope-23692_1280.png\" alt=\"Icono\" style=\"width:34px; height:24px;\">\r\n        <\/a>\r\n      <\/td>\r\n    <\/tr>\r\n    <!-- Fila 7 -->\r\n    <tr>\r\n      <td style=\"background-color: var(--e-global-color-primary); color: black; text-align: left;\">Vocal <a href=\"https:\/\/iupap.org\/who-we-are\/internal-organization\/commissions\/low-temperature-physics\/\" target=\"_blank\">(Comisi\u00f3n C5-IUPAP)<\/a><\/td>\r\n      <td style=\"color: black; text-align: left;\">Fernando Luis <\/td>\r\n      <td style=\"text-align: center; color: black;\">\r\n        <a href=\"mailto:fluis@unizar.es\">\r\n          <img decoding=\"async\" src=\"https:\/\/iupap.es\/wp-content\/uploads\/2025\/03\/envelope-23692_1280.png\" alt=\"Icono\" style=\"width:34px; height:24px;\">\r\n        <\/a>\r\n      <\/td>\r\n    <\/tr>\r\n    <!-- Fila 8 -->\r\n    <tr>\r\n      <td style=\"background-color: var(--e-global-color-primary); color: black; text-align: left;\">Vocal  <a href=\"https:\/\/iupap.org\/who-we-are\/internal-organization\/commissions\/biological-physics\/\" target=\"_blank\">(Comisi\u00f3n C6-IUPAP)<\/a><\/td>\r\n      <td style=\"color: black; text-align: left;\">F\u00e9lix Ritort<\/td>\r\n      <td style=\"text-align: center; color: black;\">\r\n        <a href=\"mailto:ritort@ub.edu\">\r\n          <img decoding=\"async\" src=\"https:\/\/iupap.es\/wp-content\/uploads\/2025\/03\/envelope-23692_1280.png\" alt=\"Icono\" style=\"width:34px; height:24px;\">\r\n        <\/a>\r\n      <\/td>\r\n    <\/tr>\r\n    <!-- Fila 9 -->\r\n    <tr>\r\n      <td style=\"background-color: var(--e-global-color-primary); color: black; text-align: left;\">Presidenta <a href=\"https:\/\/iupap.org\/who-we-are\/internal-organization\/commissions\/c8-semiconductors\/\" target=\"_blank\">(Comisi\u00f3n C8-IUPAP)<\/a><\/td>\r\n      <td style=\"color: black; text-align: left;\">Glor\u00eda Platero <\/td>\r\n      <td style=\"text-align: center; color: black;\">\r\n        <a href=\"mailto:gplatero@icmm.csic.es\">\r\n          <img decoding=\"async\" src=\"https:\/\/iupap.es\/wp-content\/uploads\/2025\/03\/envelope-23692_1280.png\" alt=\"Icono\" style=\"width:34px; height:24px;\">\r\n        <\/a>\r\n      <\/td>\r\n    <\/tr>\r\n    <!-- Fila 10 -->\r\n    <tr>\r\n      <td style=\"background-color: var(--e-global-color-primary); color: black; text-align: left;\">Vocal  <a href=\"https:\/\/iupap.org\/who-we-are\/internal-organization\/commissions\/c9-magnetism\/\" target=\"_blank\">(Comisi\u00f3n C9-IUPAP)<\/a><\/td>\r\n      <td style=\"color: black; text-align: left;\">M. Luisa Fdez-Gubieda <\/td>\r\n      <td style=\"text-align: center; color: black;\">\r\n        <a href=\"mailto:malu.gubieda@ehu.eus\">\r\n          <img decoding=\"async\" src=\"https:\/\/iupap.es\/wp-content\/uploads\/2025\/03\/envelope-23692_1280.png\" alt=\"Icono\" style=\"width:34px; height:24px;\">\r\n        <\/a>\r\n      <\/td>\r\n    <\/tr>\r\n    <!-- Fila 11 -->\r\n    <tr>\r\n      <td style=\"background-color: var(--e-global-color-primary); color: black; text-align: left;\">Presidenta<a href=\"https:\/\/iupap.org\/who-we-are\/internal-organization\/commissions\/c12-commission-on-nuclear-physics\/\" target=\"_blank\">(Comisi\u00f3n C12-IUPAP)<\/a><\/td>\r\n      <td style=\"color: black; text-align: left;\">M. Jos\u00e9 Garc\u00eda Borge<\/td>\r\n      <td style=\"text-align: center; color: black;\">\r\n        <a href=\"mailto:mj.borge@csic.es\">\r\n          <img decoding=\"async\" src=\"https:\/\/iupap.es\/wp-content\/uploads\/2025\/03\/envelope-23692_1280.png\" alt=\"Icono\" style=\"width:34px; height:24px;\">\r\n        <\/a>\r\n      <\/td>\r\n    <\/tr>\r\n    <!-- Fila 12 -->\r\n    <tr>\r\n      <td style=\"background-color: var(--e-global-color-primary); color: black; text-align: left;\">Secretar\u00eda <a href=\"https:\/\/iupap.org\/who-we-are\/internal-organization\/commissions\/c15-atomic-molecular-and-optical-physics\/\" target=\"_blank\">(Comisi\u00f3n C15-IUPAP)<\/a><\/td>\r\n      <td style=\"color: black; text-align: left;\">Marta Isabel Hern\u00e1ndez<\/td>\r\n      <td style=\"text-align: center; color: black;\">\r\n        <a href=\"mailto:marta@iff.csic.es\">\r\n          <img decoding=\"async\" src=\"https:\/\/iupap.es\/wp-content\/uploads\/2025\/03\/envelope-23692_1280.png\" alt=\"Icono\" style=\"width:34px; height:24px;\">\r\n        <\/a>\r\n      <\/td>\r\n    <\/tr>\r\n    <!-- Fila 13 -->\r\n    <tr>\r\n      <td style=\"background-color: var(--e-global-color-primary); color: black; text-align: left;\">Vocal <a href=\"https:\/\/iupap.org\/who-we-are\/internal-organization\/commissions\/c17-laser-physics-and-photonics\/\" target=\"_blank\">(Comisi\u00f3n C17-IUPAP)<\/a><\/td>\r\n      <td style=\"color: black; text-align: left;\">Javier Garc\u00eda de Abajo <\/td>\r\n      <td style=\"text-align: center; color: black;\">\r\n        <a href=\"mailto:javier.garciadeabajo@nanophotonics.es\">\r\n          <img decoding=\"async\" src=\"https:\/\/iupap.es\/wp-content\/uploads\/2025\/03\/envelope-23692_1280.png\" alt=\"Icono\" style=\"width:34px; height:24px;\">\r\n        <\/a>\r\n      <\/td>\r\n    <\/tr>\r\n    <!-- Fila 14 -->\r\n    <tr>\r\n      <td style=\"background-color: var(--e-global-color-primary); color: black; text-align: left;\">Vocal <a href=\"https:\/\/iupap.org\/who-we-are\/internal-organization\/commissions\/c18-mathematical-physics\/\" target=\"_blank\">(Comisi\u00f3n C18-IUPAP)<\/a><\/td>\r\n      <td style=\"color: black; text-align: left;\">Yolanda Lozano<\/td>\r\n      <td style=\"text-align: center; color: black;\">\r\n        <a href=\"mailto:ylozano@uniovi.es\">\r\n          <img decoding=\"async\" src=\"https:\/\/iupap.es\/wp-content\/uploads\/2025\/03\/envelope-23692_1280.png\" alt=\"Icono\" style=\"width:34px; height:24px;\">\r\n        <\/a>\r\n      <\/td>\r\n    <\/tr>\r\n    <!-- Fila 15 -->\r\n    <tr>\r\n      <td style=\"background-color: var(--e-global-color-primary); color: black; text-align: left;\">Vocal <a href=\"https:\/\/iupap.org\/who-we-are\/internal-organization\/commissions\/c19-astrophysics\/\" target=\"_blank\">(Comisi\u00f3n C19-IUPAP)<\/a><\/td>\r\n      <td style=\"color: black; text-align: left;\">Valenti Bosch-Ram\u00f3n<\/td>\r\n      <td style=\"text-align: center; color: black;\">\r\n        <a href=\"mailto:vbosch@fga.ub.edu\">\r\n          <img decoding=\"async\" src=\"https:\/\/iupap.es\/wp-content\/uploads\/2025\/03\/envelope-23692_1280.png\" alt=\"Icono\" style=\"width:34px; height:24px;\">\r\n        <\/a>\r\n      <\/td>\r\n    <\/tr>\r\n    <!-- Fila 16 -->\r\n    <tr>\r\n      <td style=\"background-color: var(--e-global-color-primary); color: black; text-align: left;\">Presidente <a href=\"https:\/\/iupap.org\/who-we-are\/internal-organization\/commissions\/c20-computational-physics\/\" target=\"_blank\">(Comisi\u00f3n C20-IUPAP)<\/a><\/td>\r\n      <td style=\"color: black; text-align: left;\">Alfonso Mu\u00f1oz<\/td>\r\n      <td style=\"text-align: center; color: black;\">\r\n        <a href=\"mailto:amunoz@ull.edu.es\">\r\n          <img decoding=\"async\" src=\"https:\/\/iupap.es\/wp-content\/uploads\/2025\/03\/envelope-23692_1280.png\" alt=\"Icono\" style=\"width:34px; height:24px;\">\r\n        <\/a>\r\n      <\/td>\r\n    <\/tr>\r\n  <\/tbody>\r\n<\/table>\r\n\t\t\t\t<\/div>\n\t\t\t\t<\/div>\n\t\t\t\t\t<\/div>\n\t\t<\/div>\n\t\t\t\t\t<\/div>\n\t\t<\/section>\n\t\t\t\t<\/div>\n\t\t","protected":false},"excerpt":{"rendered":"<p>Comit\u00e9 nacional Este comit\u00e9 tiene como objetivo esencial el potenciar el papel de la F\u00edsica a nivel internacional y su coordinaci\u00f3n con los otros comit\u00e9s espa\u00f1oles de ICSU. En estos [&hellip;]<\/p>\n","protected":false},"author":1,"featured_media":0,"parent":0,"menu_order":0,"comment_status":"closed","ping_status":"closed","template":"","meta":{"footnotes":""},"class_list":["post-195","page","type-page","status-publish","hentry"],"_links":{"self":[{"href":"https:\/\/iupap.es\/index.php?rest_route=\/wp\/v2\/pages\/195","targetHints":{"allow":["GET"]}}],"collection":[{"href":"https:\/\/iupap.es\/index.php?rest_route=\/wp\/v2\/pages"}],"about":[{"href":"https:\/\/iupap.es\/index.php?rest_route=\/wp\/v2\/types\/page"}],"author":[{"embeddable":true,"href":"https:\/\/iupap.es\/index.php?rest_route=\/wp\/v2\/users\/1"}],"replies":[{"embeddable":true,"href":"https:\/\/iupap.es\/index.php?rest_route=%2Fwp%2Fv2%2Fcomments&post=195"}],"version-history":[{"count":37,"href":"https:\/\/iupap.es\/index.php?rest_route=\/wp\/v2\/pages\/195\/revisions"}],"predecessor-version":[{"id":851,"href":"https:\/\/iupap.es\/index.php?rest_route=\/wp\/v2\/pages\/195\/revisions\/851"}],"wp:attachment":[{"href":"https:\/\/iupap.es\/index.php?rest_route=%2Fwp%2Fv2%2Fmedia&parent=195"}],"curies":[{"name":"wp","href":"https:\/\/api.w.org\/{rel}","templated":true}]}}