{"id":25,"date":"2022-12-19T02:29:15","date_gmt":"2022-12-19T02:29:15","guid":{"rendered":"https:\/\/gaviaspreview.com\/wp\/gowilds\/?page_id=25"},"modified":"2025-04-01T14:34:33","modified_gmt":"2025-04-01T14:34:33","slug":"about-me","status":"publish","type":"page","link":"https:\/\/iupap.es\/?page_id=25","title":{"rendered":"Otros enlaces"},"content":{"rendered":"\t\t<div data-elementor-type=\"wp-page\" data-elementor-id=\"25\" class=\"elementor elementor-25\">\n\t\t\t\t\t\t<section class=\"elementor-section elementor-top-section elementor-element elementor-element-4b30769 elementor-section-boxed elementor-section-height-default elementor-section-height-default\" data-id=\"4b30769\" data-element_type=\"section\" data-e-type=\"section\" data-settings=\"{&quot;background_background&quot;:&quot;slideshow&quot;,&quot;background_slideshow_gallery&quot;:[{&quot;id&quot;:731,&quot;url&quot;:&quot;https:\\\/\\\/iupap.es\\\/wp-content\\\/uploads\\\/2025\\\/03\\\/pexels-pixabay-35016-7-scaled.jpg&quot;},{&quot;id&quot;:732,&quot;url&quot;:&quot;https:\\\/\\\/iupap.es\\\/wp-content\\\/uploads\\\/2025\\\/03\\\/pexels-pixabay-35533-5.jpg&quot;}],&quot;background_slideshow_ken_burns&quot;:&quot;yes&quot;,&quot;background_slideshow_loop&quot;:&quot;yes&quot;,&quot;background_slideshow_slide_duration&quot;:5000,&quot;background_slideshow_slide_transition&quot;:&quot;fade&quot;,&quot;background_slideshow_transition_duration&quot;:500,&quot;background_slideshow_ken_burns_zoom_direction&quot;:&quot;in&quot;}\">\n\t\t\t\t\t\t<div class=\"elementor-container elementor-column-gap-default\">\n\t\t\t\t\t<div class=\"elementor-column elementor-col-100 elementor-top-column elementor-element elementor-element-da9625e\" data-id=\"da9625e\" data-element_type=\"column\" data-e-type=\"column\">\n\t\t\t<div class=\"elementor-widget-wrap elementor-element-populated\">\n\t\t\t\t\t\t<div class=\"elementor-element elementor-element-aa03f47 elementor-widget elementor-widget-gva-heading-block\" data-id=\"aa03f47\" data-element_type=\"widget\" data-e-type=\"widget\" data-widget_type=\"gva-heading-block.default\">\n\t\t\t\t<div class=\"elementor-widget-container\">\n\t\t\t\t\t<div class=\"gva-element-gva-heading-block gva-element\">   <div class=\"align-left style-1 widget gsc-heading box-align-left auto-responsive\">\r\n      <div class=\"content-inner\">\r\n         \r\n                  \r\n           \r\n         \r\n                     <h2 class=\"title\">\r\n               <span>Otros enlaces<\/span>\r\n            <\/h2>\r\n                  \r\n         \r\n         \r\n      <\/div>\r\n   <\/div>\r\n<\/div>\t\t\t\t<\/div>\n\t\t\t\t<\/div>\n\t\t\t\t\t<\/div>\n\t\t<\/div>\n\t\t\t\t\t<\/div>\n\t\t<\/section>\n\t\t\t\t<section class=\"elementor-section elementor-top-section elementor-element elementor-element-70f9917 elementor-section-boxed elementor-section-height-default elementor-section-height-default\" data-id=\"70f9917\" data-element_type=\"section\" data-e-type=\"section\">\n\t\t\t\t\t\t<div class=\"elementor-container elementor-column-gap-default\">\n\t\t\t\t\t<div class=\"elementor-column elementor-col-33 elementor-top-column elementor-element elementor-element-dd0b6b1\" data-id=\"dd0b6b1\" data-element_type=\"column\" data-e-type=\"column\">\n\t\t\t<div class=\"elementor-widget-wrap elementor-element-populated\">\n\t\t\t\t\t\t<div class=\"elementor-element elementor-element-799c452 elementor-widget elementor-widget-image\" data-id=\"799c452\" data-element_type=\"widget\" data-e-type=\"widget\" data-widget_type=\"image.default\">\n\t\t\t\t<div class=\"elementor-widget-container\">\n\t\t\t\t\t\t\t\t\t\t\t\t\t\t\t<img fetchpriority=\"high\" decoding=\"async\" width=\"781\" height=\"1024\" src=\"https:\/\/iupap.es\/wp-content\/uploads\/2025\/03\/stars-25460_1280-781x1024.png\" class=\"attachment-large size-large wp-image-760\" alt=\"\" srcset=\"https:\/\/iupap.es\/wp-content\/uploads\/2025\/03\/stars-25460_1280-781x1024.png 781w, https:\/\/iupap.es\/wp-content\/uploads\/2025\/03\/stars-25460_1280-768x1007.png 768w, https:\/\/iupap.es\/wp-content\/uploads\/2025\/03\/stars-25460_1280.png 976w\" sizes=\"(max-width: 781px) 100vw, 781px\" \/>\t\t\t\t\t\t\t\t\t\t\t\t\t\t\t<\/div>\n\t\t\t\t<\/div>\n\t\t\t\t\t<\/div>\n\t\t<\/div>\n\t\t\t\t<div class=\"elementor-column elementor-col-33 elementor-top-column elementor-element elementor-element-47284a2\" data-id=\"47284a2\" data-element_type=\"column\" data-e-type=\"column\">\n\t\t\t<div class=\"elementor-widget-wrap elementor-element-populated\">\n\t\t\t\t\t\t<div class=\"elementor-element elementor-element-f620d23 elementor-widget__width-initial elementor-widget elementor-widget-text-editor\" data-id=\"f620d23\" data-element_type=\"widget\" data-e-type=\"widget\" data-widget_type=\"text-editor.default\">\n\t\t\t\t<div class=\"elementor-widget-container\">\n\t\t\t\t\t\t\t\t\t<p><a href=\"http:\/\/www.icsu.org\/\"><strong>International Council of Scientific Unions<\/strong><\/a><\/p><p><a href=\"http:\/\/www.iop.org\/\"><strong>IOP (Institute of Physics)<\/strong><\/a><\/p><p><a href=\"http:\/\/www.feiasofi.net\/\"><strong>Federaci\u00f3n Iberoamericana de Sociedades de F\u00edsica (FEIASOFI)<\/strong><\/a><\/p><p><a href=\"http:\/\/www.cofis.es\/\"><strong>Colegio Oficial de F\u00edsicos (COFIS)<\/strong><\/a><\/p><p><a href=\"http:\/\/www.iop.org\/Our_Activities\/International\/event_7296.html\"><strong>Economic Development for Physicists from Developing Countries<\/strong><\/a><\/p><p><a href=\"http:\/\/www.iupap.org\/news\/icsu-recommendation.html\"><strong>Second ICSU-UNESCO International Conference<\/strong><\/a><\/p><p><a href=\"http:\/\/www.aps.org\/\"><strong>American Physical Society &#8212; APS<\/strong><\/a><\/p><p><a href=\"http:\/\/www.eps.org\/\"><strong>European Physical Society &#8212; EPS<\/strong><\/a><\/p><p><a href=\"http:\/\/www.rsef.org\/\"><strong>Real Sociedad Espa\u00f1ola de F\u00edsica &#8211; RSEF<\/strong><\/a><\/p><p><a href=\"http:\/\/www.iupap.org\/epspositionpaper.pdf\"><strong>EPS Position Paper<\/strong><\/a><\/p><p><a href=\"http:\/\/www.aapps.org\/\"><strong>Association of Asia Pacific Physical Societies &#8212; AAPPS<\/strong><\/a><\/p><p><a href=\"http:\/\/www.bipm.fr\/\"><strong>International Bureau of Weights and Measures (BIPM)<\/strong><\/a><\/p><p><a href=\"http:\/\/physicsweb.org\/\"><strong>PhysicsWeb: Physics News, Jobs and Resources<\/strong><\/a><\/p><p><a href=\"http:\/\/www.iupap.org\/resources\/ethics.html\"><strong>Web resources for scientific ethics, research integrity and professional oaths of conduct<\/strong><\/a><\/p><p><a href=\"http:\/\/www.scj.go.jp\/en\/scj\/about\/index.html\"><strong>The Science Council of Japan<\/strong><\/a><\/p><p><a href=\"http:\/\/www.wcpsd.org\/\"><strong>World Conference on Physics and Sustainable Development<\/strong><\/a><\/p><p><a href=\"http:\/\/users.ictp.it\/%7Esmr1996\/\"><strong>Entrepreneurship for Physicists and Engineers from Developing Countries<\/strong><\/a><\/p>\t\t\t\t\t\t\t\t<\/div>\n\t\t\t\t<\/div>\n\t\t\t\t\t<\/div>\n\t\t<\/div>\n\t\t\t\t<div class=\"elementor-column elementor-col-33 elementor-top-column elementor-element elementor-element-44c3997\" data-id=\"44c3997\" data-element_type=\"column\" data-e-type=\"column\">\n\t\t\t<div class=\"elementor-widget-wrap elementor-element-populated\">\n\t\t\t\t\t\t<div class=\"elementor-element elementor-element-401058b elementor-widget elementor-widget-image\" data-id=\"401058b\" data-element_type=\"widget\" data-e-type=\"widget\" data-widget_type=\"image.default\">\n\t\t\t\t<div class=\"elementor-widget-container\">\n\t\t\t\t\t\t\t\t\t\t\t\t\t\t\t<img decoding=\"async\" width=\"591\" height=\"1024\" src=\"https:\/\/iupap.es\/wp-content\/uploads\/2025\/03\/silhouette-3694248_1280-591x1024.png\" class=\"attachment-large size-large wp-image-761\" alt=\"\" srcset=\"https:\/\/iupap.es\/wp-content\/uploads\/2025\/03\/silhouette-3694248_1280-591x1024.png 591w, https:\/\/iupap.es\/wp-content\/uploads\/2025\/03\/silhouette-3694248_1280.png 739w\" sizes=\"(max-width: 591px) 100vw, 591px\" \/>\t\t\t\t\t\t\t\t\t\t\t\t\t\t\t<\/div>\n\t\t\t\t<\/div>\n\t\t\t\t\t<\/div>\n\t\t<\/div>\n\t\t\t\t\t<\/div>\n\t\t<\/section>\n\t\t\t\t<section class=\"elementor-section elementor-top-section elementor-element elementor-element-b9a080b elementor-section-boxed elementor-section-height-default elementor-section-height-default\" data-id=\"b9a080b\" data-element_type=\"section\" data-e-type=\"section\">\n\t\t\t\t\t\t<div class=\"elementor-container elementor-column-gap-default\">\n\t\t\t\t\t<div class=\"elementor-column elementor-col-100 elementor-top-column elementor-element elementor-element-4457e79\" data-id=\"4457e79\" data-element_type=\"column\" data-e-type=\"column\">\n\t\t\t<div class=\"elementor-widget-wrap\">\n\t\t\t\t\t\t\t<\/div>\n\t\t<\/div>\n\t\t\t\t\t<\/div>\n\t\t<\/section>\n\t\t\t\t<\/div>\n\t\t","protected":false},"excerpt":{"rendered":"<p>Otros enlaces International Council of Scientific Unions IOP (Institute of Physics) Federaci\u00f3n Iberoamericana de Sociedades de F\u00edsica (FEIASOFI) Colegio Oficial de F\u00edsicos (COFIS) Economic Development for Physicists from Developing Countries [&hellip;]<\/p>\n","protected":false},"author":1,"featured_media":0,"parent":0,"menu_order":0,"comment_status":"closed","ping_status":"closed","template":"","meta":{"footnotes":""},"class_list":["post-25","page","type-page","status-publish","hentry"],"_links":{"self":[{"href":"https:\/\/iupap.es\/index.php?rest_route=\/wp\/v2\/pages\/25","targetHints":{"allow":["GET"]}}],"collection":[{"href":"https:\/\/iupap.es\/index.php?rest_route=\/wp\/v2\/pages"}],"about":[{"href":"https:\/\/iupap.es\/index.php?rest_route=\/wp\/v2\/types\/page"}],"author":[{"embeddable":true,"href":"https:\/\/iupap.es\/index.php?rest_route=\/wp\/v2\/users\/1"}],"replies":[{"embeddable":true,"href":"https:\/\/iupap.es\/index.php?rest_route=%2Fwp%2Fv2%2Fcomments&post=25"}],"version-history":[{"count":19,"href":"https:\/\/iupap.es\/index.php?rest_route=\/wp\/v2\/pages\/25\/revisions"}],"predecessor-version":[{"id":827,"href":"https:\/\/iupap.es\/index.php?rest_route=\/wp\/v2\/pages\/25\/revisions\/827"}],"wp:attachment":[{"href":"https:\/\/iupap.es\/index.php?rest_route=%2Fwp%2Fv2%2Fmedia&parent=25"}],"curies":[{"name":"wp","href":"https:\/\/api.w.org\/{rel}","templated":true}]}}