{"id":74,"date":"2022-12-19T03:00:01","date_gmt":"2022-12-19T03:00:01","guid":{"rendered":"https:\/\/gaviaspreview.com\/wp\/gowilds\/?page_id=74"},"modified":"2025-12-18T16:10:02","modified_gmt":"2025-12-18T16:10:02","slug":"premios-2","status":"publish","type":"page","link":"https:\/\/iupap.es\/?page_id=74","title":{"rendered":"Premios"},"content":{"rendered":"\t\t<div data-elementor-type=\"wp-page\" data-elementor-id=\"74\" class=\"elementor elementor-74\">\n\t\t\t\t\t\t<section class=\"elementor-section elementor-top-section elementor-element elementor-element-637d691 elementor-section-boxed elementor-section-height-default elementor-section-height-default\" data-id=\"637d691\" data-element_type=\"section\" data-e-type=\"section\" data-settings=\"{&quot;background_background&quot;:&quot;slideshow&quot;,&quot;background_slideshow_gallery&quot;:[{&quot;id&quot;:882,&quot;url&quot;:&quot;https:\\\/\\\/iupap.es\\\/wp-content\\\/uploads\\\/2025\\\/04\\\/pexels-pixabay-35016-1-scaled.jpg&quot;},{&quot;id&quot;:883,&quot;url&quot;:&quot;https:\\\/\\\/iupap.es\\\/wp-content\\\/uploads\\\/2025\\\/04\\\/pexels-pixabay-35533-1.jpg&quot;}],&quot;background_slideshow_ken_burns&quot;:&quot;yes&quot;,&quot;background_slideshow_loop&quot;:&quot;yes&quot;,&quot;background_slideshow_slide_duration&quot;:5000,&quot;background_slideshow_slide_transition&quot;:&quot;fade&quot;,&quot;background_slideshow_transition_duration&quot;:500,&quot;background_slideshow_ken_burns_zoom_direction&quot;:&quot;in&quot;}\">\n\t\t\t\t\t\t<div class=\"elementor-container elementor-column-gap-default\">\n\t\t\t\t\t<div class=\"elementor-column elementor-col-100 elementor-top-column elementor-element elementor-element-3d995e8\" data-id=\"3d995e8\" data-element_type=\"column\" data-e-type=\"column\">\n\t\t\t<div class=\"elementor-widget-wrap elementor-element-populated\">\n\t\t\t\t\t\t<div class=\"elementor-element elementor-element-d62d6b1 elementor-widget elementor-widget-gva-heading-block\" data-id=\"d62d6b1\" data-element_type=\"widget\" data-e-type=\"widget\" data-widget_type=\"gva-heading-block.default\">\n\t\t\t\t<div class=\"elementor-widget-container\">\n\t\t\t\t\t<div class=\"gva-element-gva-heading-block gva-element\">   <div class=\"align-left style-1 widget gsc-heading box-align-left auto-responsive\">\r\n      <div class=\"content-inner\">\r\n         \r\n                  \r\n           \r\n         \r\n                     <h2 class=\"title\">\r\n               <span><br><br>Premios<\/span>\r\n            <\/h2>\r\n                  \r\n         \r\n         \r\n      <\/div>\r\n   <\/div>\r\n<\/div>\t\t\t\t<\/div>\n\t\t\t\t<\/div>\n\t\t\t\t\t<\/div>\n\t\t<\/div>\n\t\t\t\t\t<\/div>\n\t\t<\/section>\n\t\t\t\t<section class=\"elementor-section elementor-top-section elementor-element elementor-element-5e44d7a elementor-section-boxed elementor-section-height-default elementor-section-height-default\" data-id=\"5e44d7a\" data-element_type=\"section\" data-e-type=\"section\">\n\t\t\t\t\t\t<div class=\"elementor-container elementor-column-gap-default\">\n\t\t\t\t\t<div class=\"elementor-column elementor-col-50 elementor-top-column elementor-element elementor-element-7f55b95\" data-id=\"7f55b95\" data-element_type=\"column\" data-e-type=\"column\">\n\t\t\t<div class=\"elementor-widget-wrap elementor-element-populated\">\n\t\t\t\t\t\t<div class=\"elementor-element elementor-element-a906e85 elementor-widget__width-initial elementor-widget elementor-widget-text-editor\" data-id=\"a906e85\" data-element_type=\"widget\" data-e-type=\"widget\" data-widget_type=\"text-editor.default\">\n\t\t\t\t<div class=\"elementor-widget-container\">\n\t\t\t\t\t\t\t\t\t<h1>Premios Early Career Scientist<\/h1><div class=\"post-content\"><div class=\"fusion-fullwidth fullwidth-box fusion-builder-row-11 fusion-flex-container nonhundred-percent-fullwidth non-hundred-percent-height-scrolling\"><div class=\"fusion-builder-row fusion-row fusion-flex-align-items-flex-start fusion-flex-content-wrap\"><div class=\"fusion-layout-column fusion_builder_column fusion-builder-column-12 fusion_builder_column_1_1 1_1 fusion-flex-column\"><div class=\"fusion-column-wrapper fusion-column-has-shadow fusion-flex-justify-content-flex-start fusion-content-layout-column\"><div class=\"fusion-text fusion-text-12\"><p>Los Premios <strong>Early Career Scientist<\/strong> (anteriormente Premios Young Scientist) <strong>reconocen las contribuciones de f\u00edsicos que se encuentran al inicio de su carrera dentro de las distintas \u00e1reas de especializaci\u00f3n de cada Comisi\u00f3n<\/strong>. Los candidatos seleccionados deben contar con un m\u00e1ximo de 8 a\u00f1os de experiencia en investigaci\u00f3n tras la obtenci\u00f3n de su doctorado (excluyendo interrupciones en su carrera). Cada Comisi\u00f3n puede otorgar hasta tres premios en un per\u00edodo de tres a\u00f1os (ya sea uno por a\u00f1o o los tres juntos). El galard\u00f3n consta de un certificado, una medalla y un reconocimiento econ\u00f3mico. Los premiados realizar\u00e1n una presentaci\u00f3n en una conferencia internacional auspiciada por la Comisi\u00f3n.<\/p><\/div><\/div><\/div><\/div><\/div><\/div>\t\t\t\t\t\t\t\t<\/div>\n\t\t\t\t<\/div>\n\t\t\t\t\t<\/div>\n\t\t<\/div>\n\t\t\t\t<div class=\"elementor-column elementor-col-50 elementor-top-column elementor-element elementor-element-f5b9329\" data-id=\"f5b9329\" data-element_type=\"column\" data-e-type=\"column\">\n\t\t\t<div class=\"elementor-widget-wrap elementor-element-populated\">\n\t\t\t\t\t\t<div class=\"elementor-element elementor-element-0e7c280 elementor-widget elementor-widget-image\" data-id=\"0e7c280\" data-element_type=\"widget\" data-e-type=\"widget\" data-widget_type=\"image.default\">\n\t\t\t\t<div class=\"elementor-widget-container\">\n\t\t\t\t\t\t\t\t\t\t\t\t\t\t\t<img fetchpriority=\"high\" decoding=\"async\" width=\"418\" height=\"410\" src=\"https:\/\/iupap.es\/wp-content\/uploads\/2025\/04\/WhatsApp-Image-2025-04-02-at-00.37.37.jpeg\" class=\"attachment-large size-large wp-image-858\" alt=\"\" \/>\t\t\t\t\t\t\t\t\t\t\t\t\t\t\t<\/div>\n\t\t\t\t<\/div>\n\t\t\t\t\t<\/div>\n\t\t<\/div>\n\t\t\t\t\t<\/div>\n\t\t<\/section>\n\t\t\t\t<section class=\"elementor-section elementor-top-section elementor-element elementor-element-69e288a elementor-section-boxed elementor-section-height-default elementor-section-height-default\" data-id=\"69e288a\" data-element_type=\"section\" data-e-type=\"section\">\n\t\t\t\t\t\t<div class=\"elementor-container elementor-column-gap-default\">\n\t\t\t\t\t<div class=\"elementor-column elementor-col-100 elementor-top-column elementor-element elementor-element-19c06d9\" data-id=\"19c06d9\" data-element_type=\"column\" data-e-type=\"column\">\n\t\t\t<div class=\"elementor-widget-wrap elementor-element-populated\">\n\t\t\t\t\t\t<div class=\"elementor-element elementor-element-2fe7791 elementor-widget elementor-widget-text-editor\" data-id=\"2fe7791\" data-element_type=\"widget\" data-e-type=\"widget\" data-widget_type=\"text-editor.default\">\n\t\t\t\t<div class=\"elementor-widget-container\">\n\t\t\t\t\t\t\t\t\t<p><span style=\"color: #000000; font-family: Nunito, Arial, Helvetica, sans-serif; font-size: 22px; font-weight: bold; text-transform: capitalize;\">Details on the awarded prizes are available in the following pages:<\/span><\/p><ul><li><a href=\"https:\/\/iupap.org\/who-we-are\/internal-organization\/commissions\/c2-commission-on-symbols-units-nomenclature-atomic-masses-and-fundamental-constants\/c2-awards\/#young\" target=\"_blank\" rel=\"noopener\">C2 IUPAP Early Career Scientist Prize in Fundamental Metrology<\/a><\/li><li><a href=\"https:\/\/iupap.org\/who-we-are\/internal-organization\/commissions\/c3-statistical-physics\/c3-awards\/#young\" target=\"_blank\" rel=\"noopener\">C3 IUPAP Early Career Scientist Prize in Statistical Physics<\/a><\/li><li><a href=\"https:\/\/iupap.org\/who-we-are\/internal-organization\/commissions\/c4-astroparticle-physics\/c4-awards\/#young\" target=\"_blank\" rel=\"noopener\">C4 IUPAP Early Career Scientist Prize in Astroparticle Physics<\/a><\/li><li><a href=\"https:\/\/iupap.org\/who-we-are\/internal-organization\/commissions\/low-temperature-physics\/c5-awards\/#young\" target=\"_blank\" rel=\"noopener\">C5 IUPAP Early Career Scientist Prize\u00a0in Low Temperature Physics<\/a><\/li><li><a href=\"https:\/\/iupap.org\/who-we-are\/internal-organization\/commissions\/biological-physics\/c6-awards\/#young\" target=\"_blank\" rel=\"noopener\">C6 IUPAP Early Career Scientist Prize in Biological Physics<\/a><\/li><li><a href=\"https:\/\/iupap.org\/who-we-are\/internal-organization\/commissions\/c8-semiconductors\/c8-awards\/#young\" target=\"_blank\" rel=\"noopener\">C8 IUPAP Early Career Scientist Prize in Semiconductors<\/a><\/li><li><a href=\"https:\/\/iupap.org\/who-we-are\/internal-organization\/commissions\/c9-magnetism\/c9-awards\/#young\" target=\"_blank\" rel=\"noopener\">C9 IUPAP Early Career Scientist Prize in the field of Magnetism<\/a><\/li><li><a href=\"https:\/\/iupap.org\/who-we-are\/internal-organization\/commissions\/c10-structure-and-dynamics-of-condensed-matter\/c10-awards\/#young\" target=\"_blank\" rel=\"noopener\">C10 IUPAP Early Career Scientist Prize in Structure and Dynamics of Condensed Matter<\/a><\/li><li><a href=\"https:\/\/iupap.org\/who-we-are\/internal-organization\/commissions\/c11-particles-and-fields\/c11-awards\/#young\" target=\"_blank\" rel=\"noopener\">C11 IUPAP Early Career Scientist Prize in Particles and Fields<\/a><\/li><li><a href=\"https:\/\/iupap.org\/who-we-are\/internal-organization\/commissions\/c12-commission-on-nuclear-physics\/c12-awards\/#young\" target=\"_blank\" rel=\"noopener\">C12 IUPAP Early Career Scientist Prize in Nuclear Physics<\/a><\/li><li><a href=\"https:\/\/iupap.org\/who-we-are\/internal-organization\/commissions\/c15-atomic-molecular-and-optical-physics\/c15-awards\/#young\" target=\"_blank\" rel=\"noopener\">C15 IUPAP Early Career Scientist Prize in Atomic, Molecular, and Optical Physics<\/a><\/li><li><a href=\"https:\/\/iupap.org\/who-we-are\/internal-organization\/commissions\/c16-plasma-physics\/c16-awards\/#young\" target=\"_blank\" rel=\"noopener\">C16 IUPAP Early Career Scientist Prize in Plasma Physics<\/a><\/li><li><a href=\"https:\/\/iupap.org\/who-we-are\/internal-organization\/commissions\/c17-laser-physics-and-photonics\/c17-awards\/#young\" target=\"_blank\" rel=\"noopener\">C17 IUPAP Early Career Scientist Prize in Laser Physics and Photonics<\/a><\/li><li><a href=\"https:\/\/iupap.org\/who-we-are\/internal-organization\/commissions\/c18-mathematical-physics\/c18-awards\/#young\" target=\"_blank\" rel=\"noopener\">C18 IUPAP Early Career Scientist Prize in Mathematical Physics<\/a><\/li><li><a href=\"https:\/\/iupap.org\/who-we-are\/internal-organization\/commissions\/c19-astrophysics\/c19-awards\/#young\" target=\"_blank\" rel=\"noopener\">C19 IUPAP Early Career Scientist Prize in Astrophysics<\/a><\/li><li><a href=\"https:\/\/iupap.org\/who-we-are\/internal-organization\/commissions\/c20-computational-physics\/c20-awards\/#young\" target=\"_blank\" rel=\"noopener\">C20 IUPAP Early Career Scientist Prize in Computational Physics<\/a><\/li><li><a href=\"https:\/\/iupap.org\/who-we-are\/internal-organization\/affiliated-commissions\/ac1-international-commission-for-optics\/ac1-awards\/#young\" target=\"_blank\" rel=\"noopener\">AC1 IUPAP Early Career Scientist Prize in Optics<\/a><\/li><li><a href=\"https:\/\/iupap.org\/who-we-are\/internal-organization\/affiliated-commissions\/ac2-international-commission-on-general-relativity-and-gravitation\/ac2-awards\/#young\" target=\"_blank\" rel=\"noopener\">AC2 IUPAP Early Career Scientist Prize in General Relativity and Gravitation<\/a><\/li><li><a href=\"https:\/\/iupap.org\/who-we-are\/internal-organization\/affiliated-commissions\/ac4-international-commission-on-medical-physics\/ac4-awards\/#young\" target=\"_blank\" rel=\"noopener\">AC4 IUPAP Early Career Scientist Prize in Medical Physics<\/a><\/li><\/ul>\t\t\t\t\t\t\t\t<\/div>\n\t\t\t\t<\/div>\n\t\t\t\t\t<\/div>\n\t\t<\/div>\n\t\t\t\t\t<\/div>\n\t\t<\/section>\n\t\t\t\t<\/div>\n\t\t","protected":false},"excerpt":{"rendered":"<p>Premios Premios Early Career Scientist Los Premios Early Career Scientist (anteriormente Premios Young Scientist) reconocen las contribuciones de f\u00edsicos que se encuentran al inicio de su carrera dentro de las [&hellip;]<\/p>\n","protected":false},"author":1,"featured_media":0,"parent":0,"menu_order":0,"comment_status":"closed","ping_status":"closed","template":"","meta":{"footnotes":""},"class_list":["post-74","page","type-page","status-publish","hentry"],"_links":{"self":[{"href":"https:\/\/iupap.es\/index.php?rest_route=\/wp\/v2\/pages\/74","targetHints":{"allow":["GET"]}}],"collection":[{"href":"https:\/\/iupap.es\/index.php?rest_route=\/wp\/v2\/pages"}],"about":[{"href":"https:\/\/iupap.es\/index.php?rest_route=\/wp\/v2\/types\/page"}],"author":[{"embeddable":true,"href":"https:\/\/iupap.es\/index.php?rest_route=\/wp\/v2\/users\/1"}],"replies":[{"embeddable":true,"href":"https:\/\/iupap.es\/index.php?rest_route=%2Fwp%2Fv2%2Fcomments&post=74"}],"version-history":[{"count":25,"href":"https:\/\/iupap.es\/index.php?rest_route=\/wp\/v2\/pages\/74\/revisions"}],"predecessor-version":[{"id":951,"href":"https:\/\/iupap.es\/index.php?rest_route=\/wp\/v2\/pages\/74\/revisions\/951"}],"wp:attachment":[{"href":"https:\/\/iupap.es\/index.php?rest_route=%2Fwp%2Fv2%2Fmedia&parent=74"}],"curies":[{"name":"wp","href":"https:\/\/api.w.org\/{rel}","templated":true}]}}